{"id":151,"date":"2021-09-16T18:16:35","date_gmt":"2021-09-16T18:16:35","guid":{"rendered":"https:\/\/masamormasdinero.com\/?page_id=151"},"modified":"2021-09-16T18:16:36","modified_gmt":"2021-09-16T18:16:36","slug":"politica-de-tarjetas-de-debito","status":"publish","type":"page","link":"https:\/\/masamormasdinero.com\/en\/politica-de-tarjetas-de-debito\/","title":{"rendered":"Pol\u00edtica de tarjetas de d\u00e9bito"},"content":{"rendered":"\n<p>S\u00e9 lo que se est\u00e1 pensando ahora mismo. \u201c\u00a1No puedo creer que Andr\u00e9s Guti\u00e9rrez est\u00e1<\/p>\n\n\n\n<p>aceptando tarjetas de cr\u00e9dito! \u00a1Esto no puede ser verdad! \u00a1\u00c9l est\u00e1 dejando sus principios!\u00bb Pero<\/p>\n\n\n\n<p>antes de que usted se afeita la cabeza y corra al aire libre en su jard\u00edn delantero gritando, \u00abEl<\/p>\n\n\n\n<p>mundo est\u00e1 llegando a su fin, s\u00e1lvate a ti mismo!\u201d, vamos a aclarar un par de cosas:<\/p>\n\n\n\n<p><strong>N\u00famero 1<\/strong>&nbsp;\u2013 \u00a1No aceptamos tarjetas de cr\u00e9dito! \u00bfHas escuchado el show de radio? \u00bfAlguna vez<\/p>\n\n\n\n<p>has o\u00eddo hablar de una machetomia? Por favor, comprenda que el no usar tarjetas de cr\u00e9dito es<\/p>\n\n\n\n<p>algo que Andr\u00e9s recomienda para todos\u2026incluyendo a todos que compran en nuestra pagina<\/p>\n\n\n\n<p>web.<\/p>\n\n\n\n<p><strong>N\u00famero 2&nbsp;<\/strong>\u2013 Nosotros aceptamos tarjetas de d\u00e9bito. Las tarjetas de d\u00e9bito no funcionan a<\/p>\n\n\n\n<p>menos que haya efectivo disponible en su cuenta bancaria.<\/p>\n\n\n\n<p>As\u00ed que no te preocupes! El cielo no se est\u00e1 cayendo y nadie estar\u00e1 llegando a su puerta con<\/p>\n\n\n\n<p>un cheque para millones de d\u00f3lares. Entendemos que algunas personas se molestan por esta<\/p>\n\n\n\n<p>decisi\u00f3n. Sin embargo, todo lo que estamos haciendo es simplemente alinearnos con los<\/p>\n\n\n\n<p>consejos que damos.<\/p>\n\n\n\n<p>D\u00c9BITO significa EFECTIVO. CR\u00c9DITO significa CR\u00c9DITO \u2013 y no aceptamos cr\u00e9dito!<\/p>\n\n\n\n<p>Talem International, LLC. y Andr\u00e9s Guti\u00e9rrez reconoce que el monopolio virtual que tienen Visa<\/p>\n\n\n\n<p>y MasterCard en las industrias de tarjetas de d\u00e9bito proh\u00edbe comerciantes de solamente tomar<\/p>\n\n\n\n<p>las tarjetas de d\u00e9bito. Como tal, es imposible para nosotros asegurarnos de que cada pedido<\/p>\n\n\n\n<p>ha cumplido con nuestra pol\u00edtica de tarjeta de d\u00e9bito. Confiamos en que todos nuestros clientes<\/p>\n\n\n\n<p>mantengan un alto nivel de integridad y mantengan extraordinariamente altos est\u00e1ndares de<\/p>\n\n\n\n<p>verdad y honestidad. No usen tarjetas de credito. Nosotros no las aceptamos. Todos felices.<\/p>\n","protected":false},"excerpt":{"rendered":"<p>S\u00e9 lo que se est\u00e1 pensando ahora mismo. \u201c\u00a1No puedo creer que Andr\u00e9s Guti\u00e9rrez est\u00e1 aceptando tarjetas de cr\u00e9dito! \u00a1Esto no puede ser verdad! \u00a1\u00c9l est\u00e1 dejando sus principios!\u00bb Pero [&hellip;]<\/p>\n","protected":false},"author":1,"featured_media":0,"parent":0,"menu_order":0,"comment_status":"closed","ping_status":"closed","template":"","meta":{"_price":"","_stock":"","_tribe_ticket_header":"","_tribe_default_ticket_provider":"","_tribe_ticket_capacity":"0","_ticket_start_date":"","_ticket_end_date":"","_tribe_ticket_show_description":"","_tribe_ticket_show_not_going":false,"_tribe_ticket_use_global_stock":"","_tribe_ticket_global_stock_level":"","_global_stock_mode":"","_global_stock_cap":"","_tribe_rsvp_for_event":"","_tribe_ticket_going_count":"","_tribe_ticket_not_going_count":"","_tribe_tickets_list":[],"_tribe_ticket_has_attendee_info_fields":false},"ticketed":false,"_links":{"self":[{"href":"https:\/\/masamormasdinero.com\/en\/wp-json\/wp\/v2\/pages\/151"}],"collection":[{"href":"https:\/\/masamormasdinero.com\/en\/wp-json\/wp\/v2\/pages"}],"about":[{"href":"https:\/\/masamormasdinero.com\/en\/wp-json\/wp\/v2\/types\/page"}],"author":[{"embeddable":true,"href":"https:\/\/masamormasdinero.com\/en\/wp-json\/wp\/v2\/users\/1"}],"replies":[{"embeddable":true,"href":"https:\/\/masamormasdinero.com\/en\/wp-json\/wp\/v2\/comments?post=151"}],"version-history":[{"count":1,"href":"https:\/\/masamormasdinero.com\/en\/wp-json\/wp\/v2\/pages\/151\/revisions"}],"predecessor-version":[{"id":152,"href":"https:\/\/masamormasdinero.com\/en\/wp-json\/wp\/v2\/pages\/151\/revisions\/152"}],"wp:attachment":[{"href":"https:\/\/masamormasdinero.com\/en\/wp-json\/wp\/v2\/media?parent=151"}],"curies":[{"name":"wp","href":"https:\/\/api.w.org\/{rel}","templated":true}]}}