{"id":153,"date":"2021-09-16T18:17:06","date_gmt":"2021-09-16T18:17:06","guid":{"rendered":"https:\/\/masamormasdinero.com\/?page_id=153"},"modified":"2021-09-16T19:05:43","modified_gmt":"2021-09-16T19:05:43","slug":"politica-de-privacidad","status":"publish","type":"page","link":"https:\/\/masamormasdinero.com\/en\/politica-de-privacidad\/","title":{"rendered":"POL\u00cdTICA DE PRIVACIDAD"},"content":{"rendered":"\n<p>Como llegamos a nuestra Pol\u00edtica de Privacidad<\/p>\n\n\n\n<p>Lo ultimo que queremos es forzarle a leer p\u00e1ginas y p\u00e1ginas de texto aburrido de una pol\u00edtica<\/p>\n\n\n\n<p>que no hace nada m\u00e1s que enga\u00f1arlo a que no lo lea. Debido a que tenemos toda la intenci\u00f3n<\/p>\n\n\n\n<p>de proteger su privacidad, hemos hecho nuestra pol\u00edtica de privacidad suficientemente clara y<\/p>\n\n\n\n<p>concisa para que se pueda leer, y pueda sentirse c\u00f3modo utilizando nuestro sitio. Estamos aqu\u00ed<\/p>\n\n\n\n<p>para ayudarle, \u00a1no ponerlo a dormir!<\/p>\n\n\n\n<p>El respetar la privacidad y la seguridad de su informaci\u00f3n personal es de suma importancia<\/p>\n\n\n\n<p>para nosotros. Sabemos que el usted proporcionar su informaci\u00f3n personal es un acto de<\/p>\n\n\n\n<p>confianza. Por lo tanto, hemos creado una pol\u00edtica de privacidad para mostrarle los pasos que<\/p>\n\n\n\n<p>hemos tomado para asegurar la confianza que usted ha puesto en nosotros. Por favor, t\u00f3mese<\/p>\n\n\n\n<p>unos minutos para leer esta pol\u00edtica cuidadosamente.<\/p>\n\n\n\n<h2>La informaci\u00f3n recopilada<\/h2>\n\n\n\n<p>En ciertos casos, se le puede pedir que proporcione informaci\u00f3n personal en nuestro sitio. Esta<\/p>\n\n\n\n<p>informaci\u00f3n es s\u00f3lo para uso administrativo o para una transacci\u00f3n. Utilizamos esta informaci\u00f3n<\/p>\n\n\n\n<p>para cumplir con los pedidos que usted haya realizado, para comprender mejor y responder a<\/p>\n\n\n\n<p>sus necesidades, y ofrecer nuevos servicios.<\/p>\n\n\n\n<p>Hay cierta informaci\u00f3n de identificaci\u00f3n que puede ser recopilada por herramientas basadas en<\/p>\n\n\n\n<p>la web, con el fin de hacer publicidad en l\u00ednea, y esta informaci\u00f3n es totalmente an\u00f3nima. Esto<\/p>\n\n\n\n<p>puede incluir informaci\u00f3n como su direcci\u00f3n IP (direcci\u00f3n electronica), fecha y hora de su visita,<\/p>\n\n\n\n<p>el tipo de ventana usada, y su actividad en nuestro sitio web. Ninguna parte de esta<\/p>\n\n\n\n<p>informaci\u00f3n, individualmente o agrupados, puede identificar a una persona especifica.<\/p>\n\n\n\n<p>En el lenguaje web, un \u201ccookie\u201d se utiliza para almacenar datos en el disco duro de una<\/p>\n\n\n\n<p>computadora. Casi todos los sitios web utilizan cookies de una manera u otra. Algunas de<\/p>\n\n\n\n<p>nuestras herramientas basadas en la web utilizan cookies. Estos cookies s\u00f3lo se recogen y<\/p>\n\n\n\n<p>utilizan informaci\u00f3n an\u00f3nima y no personal.<\/p>\n\n\n\n<h2>Uso de la Informaci\u00f3n<\/h2>\n\n\n\n<p>No utilizamos su informaci\u00f3n para cualquier prop\u00f3sito sin su consentimiento. Su informaci\u00f3n no<\/p>\n\n\n\n<p>ser\u00e1 accesible a cualquier persona que no sea nuestro empleado o de negocios afiliados cuyos<\/p>\n\n\n\n<p>servicios se han solicitado. Esta informaci\u00f3n es utilizada espec\u00edficamente por nuestros afiliados<\/p>\n\n\n\n<p>para ofrecerle los servicios que usted haya solicitado y no se redistribuye en ninguna forma.<\/p>\n\n\n\n<p>Todo esto para decir, no venderemos su informaci\u00f3n a ningunos de esos spammers que crean<\/p>\n\n\n\n<p>un desorden en su correo electr\u00f3nico!<\/p>\n\n\n\n<p>Hacemos todo lo posible para mantenerlo informado de nuestros eventos especiales,<\/p>\n\n\n\n<p>novedades y ofertas. Peri\u00f3dicamente, enviamos anuncios v\u00eda e-mail o correo directo. Si usted<\/p>\n\n\n\n<p>no desea ser contactado por nuestra oficina, simplemente haga clic en el enlace para darse de<\/p>\n\n\n\n<p>baja que se encuentra en la parte inferior del bolet\u00edn de cada correo electr\u00f3nico.<\/p>\n\n\n\n<p>Nota: Tendremos que entregar la informaci\u00f3n que usted nos proporciona si estamos ordenados<\/p>\n\n\n\n<p>a hacerlo por un tribunal de justicia.<\/p>\n\n\n\n<h2>Seguridad<\/h2>\n\n\n\n<p>Estamos comprometidos a mantener su informaci\u00f3n privada. Incluso hemos a\u00f1adido medidas<\/p>\n\n\n\n<p>para proteger su informaci\u00f3n personal durante las transacciones. Por ejemplo, cuando usted<\/p>\n\n\n\n<p>nos da su tarjeta de d\u00e9bito o informaci\u00f3n bancaria para hacer una compra, codificamos la<\/p>\n\n\n\n<p>informaci\u00f3n para garantizar una operaci\u00f3n segura. Tu informaci\u00f3n de pago se almacena<\/p>\n\n\n\n<p>temporalmente en un servidor seguro antes de ser procesado.<\/p>\n\n\n\n<p>Todos los datos del cliente que recogemos est\u00e1 protegido contra el acceso no autorizado.<\/p>\n\n\n\n<p>Utilizamos servicios adicionales que se especializan en la seguridad de pago en l\u00ednea. Ninguna<\/p>\n\n\n\n<p>parte de la informaci\u00f3n de pago se puede acceder a trav\u00e9s del Internet. Hey, compramos cosas<\/p>\n\n\n\n<p>en l\u00ednea, tambi\u00e9n, por lo que entendemos lo importante que es este tema para usted.<\/p>\n\n\n\n<h2>Contacto<\/h2>\n\n\n\n<p>P\u00f3ngase en contacto con nosotros si tiene alguna pregunta o inquietud acerca de nuestra<\/p>\n\n\n\n<p>pol\u00edtica de privacidad. Le invitamos a llamarnos al 210-910-6888 entre las 8:30 am y las 5:30<\/p>\n\n\n\n<p>pm CST para hablar con nosotros. Tambi\u00e9n puede ponerse en contacto con nosotros por correo<\/p>\n\n\n\n<p>electr\u00f3nico a info@andresgutierrez.com.<\/p>\n\n\n\n<p>Talem International, LLC.<\/p>\n\n\n\n<p>2000 Mallory Carril<\/p>\n\n\n\n<p>Suite de 130147<\/p>\n\n\n\n<p>Franklin, TN 37067<\/p>\n\n\n\n<p>\u00bfSigue despierto?<\/p>\n\n\n\n<p>\u00a1Gracias por leer esta pol\u00edtica de privacidad!<\/p>\n\n\n\n<p><\/p>\n","protected":false},"excerpt":{"rendered":"<p>Como llegamos a nuestra Pol\u00edtica de Privacidad Lo ultimo que queremos es forzarle a leer p\u00e1ginas y p\u00e1ginas de texto aburrido de una pol\u00edtica que no hace nada m\u00e1s que [&hellip;]<\/p>\n","protected":false},"author":1,"featured_media":0,"parent":0,"menu_order":0,"comment_status":"closed","ping_status":"closed","template":"","meta":{"_price":"","_stock":"","_tribe_ticket_header":"","_tribe_default_ticket_provider":"","_tribe_ticket_capacity":"0","_ticket_start_date":"","_ticket_end_date":"","_tribe_ticket_show_description":"","_tribe_ticket_show_not_going":false,"_tribe_ticket_use_global_stock":"","_tribe_ticket_global_stock_level":"","_global_stock_mode":"","_global_stock_cap":"","_tribe_rsvp_for_event":"","_tribe_ticket_going_count":"","_tribe_ticket_not_going_count":"","_tribe_tickets_list":[],"_tribe_ticket_has_attendee_info_fields":false},"ticketed":false,"_links":{"self":[{"href":"https:\/\/masamormasdinero.com\/en\/wp-json\/wp\/v2\/pages\/153"}],"collection":[{"href":"https:\/\/masamormasdinero.com\/en\/wp-json\/wp\/v2\/pages"}],"about":[{"href":"https:\/\/masamormasdinero.com\/en\/wp-json\/wp\/v2\/types\/page"}],"author":[{"embeddable":true,"href":"https:\/\/masamormasdinero.com\/en\/wp-json\/wp\/v2\/users\/1"}],"replies":[{"embeddable":true,"href":"https:\/\/masamormasdinero.com\/en\/wp-json\/wp\/v2\/comments?post=153"}],"version-history":[{"count":2,"href":"https:\/\/masamormasdinero.com\/en\/wp-json\/wp\/v2\/pages\/153\/revisions"}],"predecessor-version":[{"id":157,"href":"https:\/\/masamormasdinero.com\/en\/wp-json\/wp\/v2\/pages\/153\/revisions\/157"}],"wp:attachment":[{"href":"https:\/\/masamormasdinero.com\/en\/wp-json\/wp\/v2\/media?parent=153"}],"curies":[{"name":"wp","href":"https:\/\/api.w.org\/{rel}","templated":true}]}}