{"id":155,"date":"2021-09-16T18:17:49","date_gmt":"2021-09-16T18:17:49","guid":{"rendered":"https:\/\/masamormasdinero.com\/?page_id=155"},"modified":"2021-09-16T18:17:49","modified_gmt":"2021-09-16T18:17:49","slug":"condiciones-de-uso","status":"publish","type":"page","link":"https:\/\/masamormasdinero.com\/en\/condiciones-de-uso\/","title":{"rendered":"Condiciones de uso"},"content":{"rendered":"\n<p>Al visitar andresgutierrez.com, usted acepta los t\u00e9rminos de este acuerdo. Este acuerdo est\u00e1<\/p>\n\n\n\n<p>sujeta a cambios en cualquier momento por Talem International, LLC.<\/p>\n\n\n\n<h2>Garant\u00eda<\/h2>\n\n\n\n<p>Ninguna garant\u00eda es hecha por Talem International, LLC. con respecto a cualquier informaci\u00f3n,<\/p>\n\n\n\n<p>servicios o productos ofrecidos a trav\u00e9s de o en conexi\u00f3n con el servicio. Talem International,<\/p>\n\n\n\n<p>LLC. rechaza expresamente cualquier y todas las garant\u00edas, incluyendo, sin limitaci\u00f3n: ninguna<\/p>\n\n\n\n<p>garant\u00eda en cuanto a la disponibilidad, exactitud o contenido de la informaci\u00f3n, productos o<\/p>\n\n\n\n<p>servicios; cualquier garant\u00eda de comercio o aptitud para un prop\u00f3sito particular. Algunos<\/p>\n\n\n\n<p>estados \/ provincias no permiten la exclusi\u00f3n de garant\u00edas impl\u00edcitas, por lo que la exclusi\u00f3n<\/p>\n\n\n\n<p>anterior puede no aplicarse en su caso.<\/p>\n\n\n\n<h2>Uso de Restricci\u00f3n<\/h2>\n\n\n\n<p>El material en andresgutierrez.com est\u00e1 destinado a ser compartida \u00fanicamente con fines<\/p>\n\n\n\n<p>informativos, no comercial. Los visitantes del sitio pueden descargar y distribuir los gr\u00e1ficos de<\/p>\n\n\n\n<p>los banners y materiales de promoci\u00f3n con el objeto expreso de promover andresgutierrez.com.<\/p>\n\n\n\n<p>Videos que aparecen en Talem International, LLC., canal de YouTube (de Andr\u00e9s Guti\u00e9rrez) se<\/p>\n\n\n\n<p>pueden insertar en blogs y sitios web privados, pero enlazar directamente con al canal de<\/p>\n\n\n\n<p>Talem International, LLC. video en YouTube o andresgutierrez.com.<\/p>\n\n\n\n<h2>Su direcci\u00f3n de correo electr\u00f3nico<\/h2>\n\n\n\n<p>Talem International, LLC. se compromete a no vender o distribuir su direcci\u00f3n de correo<\/p>\n\n\n\n<p>electr\u00f3nico. Darse de baja de cualquier lista de correo electr\u00f3nico no significa necesariamente<\/p>\n\n\n\n<p>que se esta excluyendo de otras listas de correo electr\u00f3nico dentro de Talem International, LLC.<\/p>\n\n\n\n<p>El usuario se compromete a proporcionar Talem International, LLC. con una direcci\u00f3n de correo<\/p>\n\n\n\n<p>electr\u00f3nico actualizada.<\/p>\n\n\n\n<h2>Acuerdo<\/h2>\n\n\n\n<p>Este acuerdo contiene el acuerdo completo entre el visitante y Talem International, LLC. con<\/p>\n\n\n\n<p>respecto al uso del servicio, y esta por encima de todos los entendimientos y escritos<\/p>\n\n\n\n<p>anteriores, ya sean escritos u orales.<\/p>\n\n\n\n<p>El acuerdo se regir\u00e1 de conformidad con las leyes del estado de Texas.<\/p>\n\n\n\n<p>El usuario certifica que es calificado y competente para entrar en este acuerdo.<\/p>\n","protected":false},"excerpt":{"rendered":"<p>Al visitar andresgutierrez.com, usted acepta los t\u00e9rminos de este acuerdo. Este acuerdo est\u00e1 sujeta a cambios en cualquier momento por Talem International, LLC. Garant\u00eda Ninguna garant\u00eda es hecha por Talem [&hellip;]<\/p>\n","protected":false},"author":1,"featured_media":0,"parent":0,"menu_order":0,"comment_status":"closed","ping_status":"closed","template":"","meta":{"_price":"","_stock":"","_tribe_ticket_header":"","_tribe_default_ticket_provider":"","_tribe_ticket_capacity":"0","_ticket_start_date":"","_ticket_end_date":"","_tribe_ticket_show_description":"","_tribe_ticket_show_not_going":false,"_tribe_ticket_use_global_stock":"","_tribe_ticket_global_stock_level":"","_global_stock_mode":"","_global_stock_cap":"","_tribe_rsvp_for_event":"","_tribe_ticket_going_count":"","_tribe_ticket_not_going_count":"","_tribe_tickets_list":[],"_tribe_ticket_has_attendee_info_fields":false},"ticketed":false,"_links":{"self":[{"href":"https:\/\/masamormasdinero.com\/en\/wp-json\/wp\/v2\/pages\/155"}],"collection":[{"href":"https:\/\/masamormasdinero.com\/en\/wp-json\/wp\/v2\/pages"}],"about":[{"href":"https:\/\/masamormasdinero.com\/en\/wp-json\/wp\/v2\/types\/page"}],"author":[{"embeddable":true,"href":"https:\/\/masamormasdinero.com\/en\/wp-json\/wp\/v2\/users\/1"}],"replies":[{"embeddable":true,"href":"https:\/\/masamormasdinero.com\/en\/wp-json\/wp\/v2\/comments?post=155"}],"version-history":[{"count":1,"href":"https:\/\/masamormasdinero.com\/en\/wp-json\/wp\/v2\/pages\/155\/revisions"}],"predecessor-version":[{"id":156,"href":"https:\/\/masamormasdinero.com\/en\/wp-json\/wp\/v2\/pages\/155\/revisions\/156"}],"wp:attachment":[{"href":"https:\/\/masamormasdinero.com\/en\/wp-json\/wp\/v2\/media?parent=155"}],"curies":[{"name":"wp","href":"https:\/\/api.w.org\/{rel}","templated":true}]}}