{"id":13,"date":"2021-03-22T22:11:26","date_gmt":"2021-03-22T22:11:26","guid":{"rendered":"https:\/\/masamormasdinero.com\/index.php\/product\/coaching-financiero\/"},"modified":"2025-04-12T14:36:11","modified_gmt":"2025-04-12T14:36:11","slug":"coaching-financiero","status":"publish","type":"product","link":"https:\/\/masamormasdinero.com\/en\/product\/coaching-financiero\/","title":{"rendered":"Coaching Financiero"},"content":{"rendered":"","protected":false},"excerpt":{"rendered":"<h3>*** Asesor\u00eda financiera con un coach le ayudar\u00e1 a desarrollar un plan espec\u00edfico para su situaci\u00f3n financiera.<\/h3>\n<h3>QUE ES MEJOR<\/h3>\n<p>\u00bfHacerse miembro en un gimnasio o pagar por un entrenador? Est\u00e1 comprobado que los que contratan un entrenador personal logran sus metas con mayor frecuencia que una persona intentando hacerlo a solas. El equipo de coaches recomendado por Andr\u00e9s Guti\u00e9rrez se especializan en darle una asesor\u00eda personalizada para ayudarle a desarrollar un plan que cumpla con sus necesidades espec\u00edficas, y le dar\u00e1n el seguimiento que le permitir\u00e1 llevar sus finanzas a otro nivel.<\/p>\n<p><span style=\"color: #0000ff\"><strong>Incluye:<\/strong> <\/span><\/p>\n<ul>\n<li>Coaching con un coach de finanzas certificado<\/li>\n<li>Un plan personalizado que le guiara paso a paso que hacer en su situaci\u00f3n<\/li>\n<li>El coach le dara seguimiento para ayudarle alcanzar sus metas financieras<\/li>\n<\/ul>\n<p>Si estas listo, haz clic en el bot\u00f3n de compra. Si todav\u00eda requieres mas informaci\u00f3n, haz clic <span style=\"color: #0000ff\"><strong><a style=\"color: #0000ff\" href=\"https:\/\/andresgutierrez.com\/coaching\/\">AQU\u00cd<\/a><\/strong><\/span>.<\/p>\n","protected":false},"featured_media":14,"comment_status":"open","ping_status":"closed","template":"","meta":{"_price":"350","_stock":"","_tribe_ticket_header":"","_tribe_default_ticket_provider":"","_tribe_ticket_capacity":"87","_ticket_start_date":"","_ticket_end_date":"","_tribe_ticket_show_description":"","_tribe_ticket_show_not_going":false,"_tribe_ticket_use_global_stock":"","_tribe_ticket_global_stock_level":"","_global_stock_mode":"","_global_stock_cap":"","_tribe_rsvp_for_event":"","_tribe_ticket_going_count":"","_tribe_ticket_not_going_count":"","_tribe_tickets_list":[],"_tribe_ticket_has_attendee_info_fields":false},"product_cat":[16],"product_tag":[],"_links":{"self":[{"href":"https:\/\/masamormasdinero.com\/en\/wp-json\/wp\/v2\/product\/13"}],"collection":[{"href":"https:\/\/masamormasdinero.com\/en\/wp-json\/wp\/v2\/product"}],"about":[{"href":"https:\/\/masamormasdinero.com\/en\/wp-json\/wp\/v2\/types\/product"}],"replies":[{"embeddable":true,"href":"https:\/\/masamormasdinero.com\/en\/wp-json\/wp\/v2\/comments?post=13"}],"wp:featuredmedia":[{"embeddable":true,"href":"https:\/\/masamormasdinero.com\/en\/wp-json\/wp\/v2\/media\/14"}],"wp:attachment":[{"href":"https:\/\/masamormasdinero.com\/en\/wp-json\/wp\/v2\/media?parent=13"}],"wp:term":[{"taxonomy":"product_cat","embeddable":true,"href":"https:\/\/masamormasdinero.com\/en\/wp-json\/wp\/v2\/product_cat?post=13"},{"taxonomy":"product_tag","embeddable":true,"href":"https:\/\/masamormasdinero.com\/en\/wp-json\/wp\/v2\/product_tag?post=13"}],"curies":[{"name":"wp","href":"https:\/\/api.w.org\/{rel}","templated":true}]}}